{"id":8,"date":"2018-08-07T22:02:10","date_gmt":"2018-08-07T22:02:10","guid":{"rendered":"https:\/\/cescj.edu.py\/web\/?page_id=8"},"modified":"2018-08-07T22:02:10","modified_gmt":"2018-08-07T22:02:10","slug":"accesibilidad-web","status":"publish","type":"page","link":"https:\/\/cescj.edu.py\/web\/accesibilidad-web\/","title":{"rendered":"Accesibilidad Web"},"content":{"rendered":"<p>Bajo las siglas WAI (Web Accesibility Initiative o Iniciativas de Accesibilidad Web) se encuentra la normativa que deriva del W3C (World Wide Web Consortium) en cuanto a accesibilidad y buenas pr\u00e1cticas encaminadas a salvaguardar y asegurar la accesibilidad de los contenidos de la web, para lo cual se han tenido en cuenta los est\u00e1ndares WCAG 2.0 (Web Content Accessibility Guidelines o Pautas de Accesibilidad al Contenido) y 2.0 ATAG (Authoring Tool Accessibility Guidelines o Directrices de Accesibilidad para Herramientas de Autor):<\/p>\n<p>WAI-AA y WCAG 2.0<br \/>\nEl sitio web cumple el nivel de accesibilidad WAI-AA y WCAG 2.0.<\/p>\n<p>Para m\u00e1s informaci\u00f3n sobre las directrices de accesibilidad mencionadas consulte www.w3.org\/WAI\/WCAG2AA-Conformance.<\/p>\n<p>CSS<br \/>\nEl dise\u00f1o se ha desarrollado bajo el cumplimiento y recomendaciones del W3C sobre las Hojas de Estilo en Cascada (CSS), de tal manera que, si el navegador o dispositivo de navegaci\u00f3n no soporta hojas de estilo, el contenido de la web seguir\u00e1 siendo totalmente legible en funci\u00f3n a su marcado estructural.<\/p>\n","protected":false},"excerpt":{"rendered":"<p>Bajo las siglas WAI (Web Accesibility Initiative o Iniciativas de Accesibilidad Web) se encuentra la normativa que deriva del W3C (World Wide Web Consortium) en cuanto a accesibilidad y buenas pr\u00e1cticas encaminadas a salvaguardar y asegurar la accesibilidad de los contenidos de la web, para lo cual se han tenido en cuenta los est\u00e1ndares WCAG [&hellip;]<\/p>\n","protected":false},"author":1,"featured_media":0,"parent":0,"menu_order":0,"comment_status":"closed","ping_status":"closed","template":"","meta":{"footnotes":""},"class_list":["post-8","page","type-page","status-publish","hentry"],"_links":{"self":[{"href":"https:\/\/cescj.edu.py\/web\/wp-json\/wp\/v2\/pages\/8","targetHints":{"allow":["GET"]}}],"collection":[{"href":"https:\/\/cescj.edu.py\/web\/wp-json\/wp\/v2\/pages"}],"about":[{"href":"https:\/\/cescj.edu.py\/web\/wp-json\/wp\/v2\/types\/page"}],"author":[{"embeddable":true,"href":"https:\/\/cescj.edu.py\/web\/wp-json\/wp\/v2\/users\/1"}],"replies":[{"embeddable":true,"href":"https:\/\/cescj.edu.py\/web\/wp-json\/wp\/v2\/comments?post=8"}],"version-history":[{"count":1,"href":"https:\/\/cescj.edu.py\/web\/wp-json\/wp\/v2\/pages\/8\/revisions"}],"predecessor-version":[{"id":9,"href":"https:\/\/cescj.edu.py\/web\/wp-json\/wp\/v2\/pages\/8\/revisions\/9"}],"wp:attachment":[{"href":"https:\/\/cescj.edu.py\/web\/wp-json\/wp\/v2\/media?parent=8"}],"curies":[{"name":"wp","href":"https:\/\/api.w.org\/{rel}","templated":true}]}}