{"id":366,"date":"2022-11-11T10:02:32","date_gmt":"2022-11-11T13:02:32","guid":{"rendered":"https:\/\/cescj.edu.py\/web\/?page_id=366"},"modified":"2023-12-21T10:12:37","modified_gmt":"2023-12-21T13:12:37","slug":"inscripciones-2021","status":"publish","type":"page","link":"https:\/\/cescj.edu.py\/web\/inscripciones-2021\/","title":{"rendered":"Inscripciones 2023"},"content":{"rendered":"\t\t<div data-elementor-type=\"wp-page\" data-elementor-id=\"366\" class=\"elementor elementor-366\">\n\t\t\t\t\t\t<div class=\"elementor-inner\">\n\t\t\t\t<div class=\"elementor-section-wrap\">\n\t\t\t\t\t\t\t\t\t<section class=\"elementor-section elementor-top-section elementor-element elementor-element-1d4585ff elementor-section-boxed elementor-section-height-default elementor-section-height-default\" data-id=\"1d4585ff\" data-element_type=\"section\">\n\t\t\t\t\t\t<div class=\"elementor-container elementor-column-gap-default\">\n\t\t\t\t\t\t\t<div class=\"elementor-row\">\n\t\t\t\t\t<div class=\"elementor-column elementor-col-100 elementor-top-column elementor-element elementor-element-42b7a448\" data-id=\"42b7a448\" data-element_type=\"column\">\n\t\t\t<div class=\"elementor-column-wrap elementor-element-populated\">\n\t\t\t\t\t\t\t<div class=\"elementor-widget-wrap\">\n\t\t\t\t\t\t<div class=\"elementor-element elementor-element-540178b1 elementor-widget elementor-widget-text-editor\" data-id=\"540178b1\" data-element_type=\"widget\" data-widget_type=\"text-editor.default\">\n\t\t\t\t<div class=\"elementor-widget-container\">\n\t\t\t\t\t\t\t\t<div class=\"elementor-text-editor elementor-clearfix\">\n\t\t\t\t<p><!-- wp:paragraph --><\/p>\n<p>Est\u00e1 abierto el per\u00edodo de <strong>solicitudes de inscripciones<\/strong> para el <strong>a\u00f1o lectivo 2024<\/strong>. Seguidamente ponemos a su disposici\u00f3n los archivos que explican los procedimientos, para los distintos niveles a los que sus hijos acudir\u00e1n.<\/p>\n<p><!-- \/wp:paragraph --><!-- wp:file {\"id\":368,\"href\":\"https:\/\/cescj.edu.py\/web\/wp-content\/uploads\/2020\/10\/PROCEDIMIENTOS_ADMISION_INICIAL_1ER_Y_2DO_CICLOS.pdf\"} --><\/p>\n<p><!-- \/wp:file --><\/p>\t\t\t\t\t<\/div>\n\t\t\t\t\t\t<\/div>\n\t\t\t\t<\/div>\n\t\t\t\t\t\t<\/div>\n\t\t\t\t\t<\/div>\n\t\t<\/div>\n\t\t\t\t\t\t\t\t<\/div>\n\t\t\t\t\t<\/div>\n\t\t<\/section>\n\t\t\t\t<section class=\"elementor-section elementor-top-section elementor-element elementor-element-79e4184 elementor-section-full_width elementor-section-stretched elementor-section-height-default elementor-section-height-default\" data-id=\"79e4184\" data-element_type=\"section\" data-settings=\"{&quot;stretch_section&quot;:&quot;section-stretched&quot;}\">\n\t\t\t\t\t\t\t<div class=\"elementor-background-overlay\"><\/div>\n\t\t\t\t\t\t\t<div class=\"elementor-container elementor-column-gap-default\">\n\t\t\t\t\t\t\t<div class=\"elementor-row\">\n\t\t\t\t\t<div class=\"elementor-column elementor-col-25 elementor-top-column elementor-element elementor-element-2f7ebb9\" data-id=\"2f7ebb9\" data-element_type=\"column\">\n\t\t\t<div class=\"elementor-column-wrap\">\n\t\t\t\t\t\t\t<div class=\"elementor-widget-wrap\">\n\t\t\t\t\t\t\t\t<\/div>\n\t\t\t\t\t<\/div>\n\t\t<\/div>\n\t\t\t\t<div class=\"elementor-column elementor-col-25 elementor-top-column elementor-element elementor-element-a7b2197\" data-id=\"a7b2197\" data-element_type=\"column\">\n\t\t\t<div class=\"elementor-column-wrap elementor-element-populated\">\n\t\t\t\t\t\t\t<div class=\"elementor-widget-wrap\">\n\t\t\t\t\t\t<div class=\"elementor-element elementor-element-d493ba9 elementor-widget elementor-widget-spacer\" data-id=\"d493ba9\" data-element_type=\"widget\" data-widget_type=\"spacer.default\">\n\t\t\t\t<div class=\"elementor-widget-container\">\n\t\t\t\t\t<div class=\"elementor-spacer\">\n\t\t\t<div class=\"elementor-spacer-inner\"><\/div>\n\t\t<\/div>\n\t\t\t\t<\/div>\n\t\t\t\t<\/div>\n\t\t\t\t<div class=\"elementor-element elementor-element-3169af0 elementor-invisible elementor-widget elementor-widget-eael-creative-button\" data-id=\"3169af0\" data-element_type=\"widget\" data-settings=\"{&quot;_animation&quot;:&quot;fadeInLeft&quot;}\" data-widget_type=\"eael-creative-button.default\">\n\t\t\t\t<div class=\"elementor-widget-container\">\n\t\t\t        <div class=\"eael-creative-button-wrapper\">\n\n            <a class=\"eael-creative-button eael-creative-button--rayen\" href=\"https:\/\/cescj.edu.py\/web\/wp-content\/uploads\/2023\/12\/NUEMROS_0001_Capa-2-scaled.jpg\" data-text=\" Clic para descargar\">\n\n\t    \n                <div class=\"creative-button-inner\">\n\n                                            <span class=\"eael-creative-button-icon-left\"><i aria-hidden=\"true\" class=\"fas fa-download\"><\/i><\/span>                    \n                    <span class=\"cretive-button-text\">Procedimientos Admisi\u00f3n 2024<\/span>\n\n                                    <\/div>\n\t                        <\/a>\n        <\/div>\n\t\t<\/div>\n\t\t\t\t<\/div>\n\t\t\t\t\t\t<\/div>\n\t\t\t\t\t<\/div>\n\t\t<\/div>\n\t\t\t\t<div class=\"elementor-column elementor-col-25 elementor-top-column elementor-element elementor-element-ad28107\" data-id=\"ad28107\" data-element_type=\"column\">\n\t\t\t<div class=\"elementor-column-wrap elementor-element-populated\">\n\t\t\t\t\t\t\t<div class=\"elementor-widget-wrap\">\n\t\t\t\t\t\t<div class=\"elementor-element elementor-element-d2610e1 elementor-invisible elementor-widget elementor-widget-eael-creative-button\" data-id=\"d2610e1\" data-element_type=\"widget\" data-settings=\"{&quot;_animation&quot;:&quot;fadeInLeft&quot;,&quot;_animation_delay&quot;:10}\" data-widget_type=\"eael-creative-button.default\">\n\t\t\t\t<div class=\"elementor-widget-container\">\n\t\t\t        <div class=\"eael-creative-button-wrapper\">\n\n            <a class=\"eael-creative-button eael-creative-button--rayen\" href=\"https:\/\/cescj.edu.py\/web\/wp-content\/uploads\/2023\/12\/NIVEL-INICIAL.pdf\" data-text=\" Clic para descargar\">\n\n\t    \n                <div class=\"creative-button-inner\">\n\n                                            <span class=\"eael-creative-button-icon-left\"><i aria-hidden=\"true\" class=\"fas fa-download\"><\/i><\/span>                    \n                    <span class=\"cretive-button-text\">Admisi\u00f3n Nivel Inicial<\/span>\n\n                                    <\/div>\n\t                        <\/a>\n        <\/div>\n\t\t<\/div>\n\t\t\t\t<\/div>\n\t\t\t\t<div class=\"elementor-element elementor-element-3c7ace4 elementor-invisible elementor-widget elementor-widget-eael-creative-button\" data-id=\"3c7ace4\" data-element_type=\"widget\" data-settings=\"{&quot;_animation&quot;:&quot;fadeInRight&quot;,&quot;_animation_delay&quot;:20}\" data-widget_type=\"eael-creative-button.default\">\n\t\t\t\t<div class=\"elementor-widget-container\">\n\t\t\t        <div class=\"eael-creative-button-wrapper\">\n\n            <a class=\"eael-creative-button eael-creative-button--rayen\" href=\"https:\/\/cescj.edu.py\/web\/wp-content\/uploads\/2023\/12\/PRIMER-Y-SEGUNDO-CICLO.pdf\" data-text=\" Clic para descargar\">\n\n\t    \n                <div class=\"creative-button-inner\">\n\n                                            <span class=\"eael-creative-button-icon-left\"><i aria-hidden=\"true\" class=\"fas fa-download\"><\/i><\/span>                    \n                    <span class=\"cretive-button-text\">Admisi\u00f3n 1ro y 2do Ciclos<\/span>\n\n                                    <\/div>\n\t                        <\/a>\n        <\/div>\n\t\t<\/div>\n\t\t\t\t<\/div>\n\t\t\t\t<div class=\"elementor-element elementor-element-5975eb5 elementor-invisible elementor-widget elementor-widget-eael-creative-button\" data-id=\"5975eb5\" data-element_type=\"widget\" data-settings=\"{&quot;_animation&quot;:&quot;fadeInLeft&quot;,&quot;_animation_delay&quot;:15}\" data-widget_type=\"eael-creative-button.default\">\n\t\t\t\t<div class=\"elementor-widget-container\">\n\t\t\t        <div class=\"eael-creative-button-wrapper\">\n\n            <a class=\"eael-creative-button eael-creative-button--rayen\" href=\"https:\/\/cescj.edu.py\/web\/wp-content\/uploads\/2023\/12\/TERCER-CICLO.pdf\" data-text=\" Clic para descargar\">\n\n\t    \n                <div class=\"creative-button-inner\">\n\n                                            <span class=\"eael-creative-button-icon-left\"><i aria-hidden=\"true\" class=\"fas fa-download\"><\/i><\/span>                    \n                    <span class=\"cretive-button-text\">Admisi\u00f3n 3er Ciclo<\/span>\n\n                                    <\/div>\n\t                        <\/a>\n        <\/div>\n\t\t<\/div>\n\t\t\t\t<\/div>\n\t\t\t\t<div class=\"elementor-element elementor-element-07b935a elementor-invisible elementor-widget elementor-widget-eael-creative-button\" data-id=\"07b935a\" data-element_type=\"widget\" data-settings=\"{&quot;_animation&quot;:&quot;fadeInRight&quot;,&quot;_animation_delay&quot;:25}\" data-widget_type=\"eael-creative-button.default\">\n\t\t\t\t<div class=\"elementor-widget-container\">\n\t\t\t        <div class=\"eael-creative-button-wrapper\">\n\n            <a class=\"eael-creative-button eael-creative-button--rayen\" href=\"https:\/\/cescj.edu.py\/web\/wp-content\/uploads\/2023\/12\/TERCER-CICLO.pdf\" data-text=\" Clic para descargar\">\n\n\t    \n                <div class=\"creative-button-inner\">\n\n                                            <span class=\"eael-creative-button-icon-left\"><i aria-hidden=\"true\" class=\"fas fa-download\"><\/i><\/span>                    \n                    <span class=\"cretive-button-text\">Admisi\u00f3n Nivel Medio<\/span>\n\n                                    <\/div>\n\t                        <\/a>\n        <\/div>\n\t\t<\/div>\n\t\t\t\t<\/div>\n\t\t\t\t\t\t<\/div>\n\t\t\t\t\t<\/div>\n\t\t<\/div>\n\t\t\t\t<div class=\"elementor-column elementor-col-25 elementor-top-column elementor-element elementor-element-1a4f386\" data-id=\"1a4f386\" data-element_type=\"column\">\n\t\t\t<div class=\"elementor-column-wrap\">\n\t\t\t\t\t\t\t<div class=\"elementor-widget-wrap\">\n\t\t\t\t\t\t\t\t<\/div>\n\t\t\t\t\t<\/div>\n\t\t<\/div>\n\t\t\t\t\t\t\t\t<\/div>\n\t\t\t\t\t<\/div>\n\t\t<\/section>\n\t\t\t\t\t\t\t\t\t<\/div>\n\t\t\t<\/div>\n\t\t\t\t\t<\/div>\n\t\t","protected":false},"excerpt":{"rendered":"<p>Est\u00e1 abierto el per\u00edodo de solicitudes de inscripciones para el a\u00f1o lectivo 2024. Seguidamente ponemos a su disposici\u00f3n los archivos que explican los procedimientos, para los distintos niveles a los que sus hijos acudir\u00e1n. Procedimientos Admisi\u00f3n 2024 Admisi\u00f3n Nivel Inicial Admisi\u00f3n 1ro y 2do Ciclos Admisi\u00f3n 3er Ciclo Admisi\u00f3n Nivel Medio<\/p>\n","protected":false},"author":1,"featured_media":0,"parent":0,"menu_order":0,"comment_status":"closed","ping_status":"closed","template":"","meta":{"footnotes":""},"class_list":["post-366","page","type-page","status-publish","hentry"],"_links":{"self":[{"href":"https:\/\/cescj.edu.py\/web\/wp-json\/wp\/v2\/pages\/366","targetHints":{"allow":["GET"]}}],"collection":[{"href":"https:\/\/cescj.edu.py\/web\/wp-json\/wp\/v2\/pages"}],"about":[{"href":"https:\/\/cescj.edu.py\/web\/wp-json\/wp\/v2\/types\/page"}],"author":[{"embeddable":true,"href":"https:\/\/cescj.edu.py\/web\/wp-json\/wp\/v2\/users\/1"}],"replies":[{"embeddable":true,"href":"https:\/\/cescj.edu.py\/web\/wp-json\/wp\/v2\/comments?post=366"}],"version-history":[{"count":77,"href":"https:\/\/cescj.edu.py\/web\/wp-json\/wp\/v2\/pages\/366\/revisions"}],"predecessor-version":[{"id":1866,"href":"https:\/\/cescj.edu.py\/web\/wp-json\/wp\/v2\/pages\/366\/revisions\/1866"}],"wp:attachment":[{"href":"https:\/\/cescj.edu.py\/web\/wp-json\/wp\/v2\/media?parent=366"}],"curies":[{"name":"wp","href":"https:\/\/api.w.org\/{rel}","templated":true}]}}